{"id":113,"date":"2023-09-14T10:08:36","date_gmt":"2023-09-14T01:08:36","guid":{"rendered":"http:\/\/www.hyakushin.jp\/?page_id=113"},"modified":"2023-09-14T10:57:58","modified_gmt":"2023-09-14T01:57:58","slug":"%e3%81%8a%e5%95%8f%e3%81%84%e5%90%88%e3%82%8f%e3%81%9b","status":"publish","type":"page","link":"https:\/\/www.hyakushin.jp\/?page_id=113","title":{"rendered":"\u304a\u554f\u3044\u5408\u308f\u305b"},"content":{"rendered":"\n<p class=\"has-text-align-center\"><strong>Contact Form<\/strong><\/p>\n\n\n\n<p class=\"has-text-align-center\">\u5fc5\u8981\u4e8b\u9805\u3092\u3054\u8a18\u5165\u306e\u4e0a\u3001\u300c\u9001\u4fe1\u300d\u30dc\u30bf\u30f3\u3092\u62bc\u3057\u3066\u304f\u3060\u3055\u3044\u3002<br>\u5185\u5bb9\u3092\u3054\u78ba\u8a8d\u3044\u305f\u3060\u304d\u3001\u540c\u610f\u306e\u4e0a\u3067\u30d5\u30a9\u30fc\u30e0\u306b\u3088\u308a\u304a\u554f\u3044\u5408\u308f\u305b\u3092\u304a\u9858\u3044\u3057\u307e\u3059\u3002<\/p>\n\n\n\n<div class=\"wp-block-contact-form-7-contact-form-selector\">\n<div class=\"wpcf7 no-js\" id=\"wpcf7-f112-o1\" lang=\"ja\" dir=\"ltr\">\n<div class=\"screen-reader-response\"><p role=\"status\" aria-live=\"polite\" aria-atomic=\"true\"><\/p> <ul><\/ul><\/div>\n<form action=\"\/index.php?rest_route=%2Fwp%2Fv2%2Fpages%2F113#wpcf7-f112-o1\" method=\"post\" class=\"wpcf7-form init\" aria-label=\"\u30b3\u30f3\u30bf\u30af\u30c8\u30d5\u30a9\u30fc\u30e0\" novalidate=\"novalidate\" data-status=\"init\">\n<div style=\"display: none;\">\n<input type=\"hidden\" name=\"_wpcf7\" value=\"112\" \/>\n<input type=\"hidden\" name=\"_wpcf7_version\" value=\"5.8\" \/>\n<input type=\"hidden\" name=\"_wpcf7_locale\" value=\"ja\" \/>\n<input type=\"hidden\" name=\"_wpcf7_unit_tag\" value=\"wpcf7-f112-o1\" \/>\n<input type=\"hidden\" name=\"_wpcf7_container_post\" value=\"0\" \/>\n<input type=\"hidden\" name=\"_wpcf7_posted_data_hash\" value=\"\" \/>\n<\/div>\n<table class=\"CF7_table\" >\n\t<tr >\n\t\t<th >\n\t\t\t<p><span class=\"CF7_req\">\u5fc5\u9808<\/span> \u304a\u540d\u524d\n\t\t\t<\/p>\n\t\t<\/th>\n\t\t<td >\n\t\t\t<p><span class=\"wpcf7-form-control-wrap\" data-name=\"your-name\"><input size=\"40\" class=\"wpcf7-form-control wpcf7-text wpcf7-validates-as-required\" aria-required=\"true\" aria-invalid=\"false\" placeholder=\"\u4f8b\uff1a\u304a\u540d\u524d\" value=\"\" type=\"text\" name=\"your-name\" \/><\/span>\n\t\t\t<\/p>\n\t\t<\/td>\n\t<\/tr>\n\t<tr>\n\t\t<th >\n\t\t\t<p><span class=\"CF7_req\">\u5fc5\u9808<\/span> \u30e1\u30fc\u30eb\u30a2\u30c9\u30ec\u30b9\n\t\t\t<\/p>\n\t\t<\/th>\n\t\t<td >\n\t\t\t<p><span class=\"wpcf7-form-control-wrap\" data-name=\"your-email\"><input size=\"40\" class=\"wpcf7-form-control wpcf7-email wpcf7-validates-as-required wpcf7-text wpcf7-validates-as-email\" aria-required=\"true\" aria-invalid=\"false\" placeholder=\"\u4f8b\uff1a\u00d7\u00d7\u00d7@\u00d7\u00d7\u00d7.com\" value=\"\" type=\"email\" name=\"your-email\" \/><\/span>\n\t\t\t<\/p>\n\t\t<\/td>\n\t<\/tr>\n\t<tr>\n\t\t<th >\n\t\t\t<p><span class=\"CF7_unreq\">\u4efb\u610f<\/span> \u4f1a\u793e\u540d\n\t\t\t<\/p>\n\t\t<\/th>\n\t\t<td >\n\t\t\t<p><span class=\"wpcf7-form-control-wrap\" data-name=\"your-company\"><input size=\"40\" class=\"wpcf7-form-control wpcf7-text\" aria-invalid=\"false\" placeholder=\"\u4f8b\uff1a\u25ef\u25ef\u682a\u5f0f\u4f1a\u793e\" value=\"\" type=\"text\" name=\"your-company\" \/><\/span>\n\t\t\t<\/p>\n\t\t<\/td>\n\t<\/tr>\n\t<tr>\n\t\t<th>\n\t\t\t<p><span class=\"CF7_req\">\u5fc5\u9808<\/span> \u90f5\u4fbf\u756a\u53f7\n\t\t\t<\/p>\n\t\t<\/th>\n\t\t<td >\n\t\t\t<p><span class=\"wpcf7-form-control-wrap\" data-name=\"zip\"><input size=\"40\" class=\"wpcf7-form-control wpcf7-text wpcf7-validates-as-required\" id=\"zip\" aria-required=\"true\" aria-invalid=\"false\" placeholder=\"\u4f8b\uff1a123-4567\" value=\"\" type=\"text\" name=\"zip\" \/><\/span>\n\t\t\t<\/p>\n\t\t<\/td>\n\t<\/tr>\n\t<tr>\n\t\t<th >\n\t\t\t<p><span class=\"CF7_req\">\u5fc5\u9808<\/span> \u90fd\u9053\u5e9c\u770c\n\t\t\t<\/p>\n\t\t<\/th>\n\t\t<td>\n\t\t\t<p><span class=\"wpcf7-form-control-wrap\" data-name=\"pref\"><input size=\"40\" class=\"wpcf7-form-control wpcf7-text wpcf7-validates-as-required\" id=\"pref\" aria-required=\"true\" aria-invalid=\"false\" placeholder=\"\u4f8b\uff1a\u6771\u4eac\u90fd\" value=\"\" type=\"text\" name=\"pref\" \/><\/span>\n\t\t\t<\/p>\n\t\t<\/td>\n\t<\/tr>\n\t<tr>\n\t\t<th >\n\t\t\t<p><span class=\"CF7_req\">\u5fc5\u9808<\/span> \u3054\u4f4f\u6240\n\t\t\t<\/p>\n\t\t<\/th>\n\t\t<td class=\"address-100\" >\n\t\t\t<p><span class=\"wpcf7-form-control-wrap\" data-name=\"addr\"><input size=\"40\" class=\"wpcf7-form-control wpcf7-text wpcf7-validates-as-required\" id=\"addr\" aria-required=\"true\" aria-invalid=\"false\" placeholder=\"\u4f8b\uff1a\u4e2d\u592e\u533a\u9280\u5ea7\uff11\uff12\uff13\uff14\uff15\" value=\"\" type=\"text\" name=\"addr\" \/><\/span>\n\t\t\t<\/p>\n\t\t<\/td>\n\t<\/tr>\n\t<tr>\n\t\t<th >\n\t\t\t<p><span class=\"CF7_req\">\u5fc5\u9808<\/span> \u304a\u96fb\u8a71\u756a\u53f7\n\t\t\t<\/p>\n\t\t<\/th>\n\t\t<td >\n\t\t\t<p><span class=\"wpcf7-form-control-wrap\" data-name=\"your-tel\"><input size=\"40\" class=\"wpcf7-form-control wpcf7-text wpcf7-validates-as-required\" aria-required=\"true\" aria-invalid=\"false\" placeholder=\"\u4f8b\uff1a03-1234-5678\" value=\"\" type=\"text\" name=\"your-tel\" \/><\/span>\n\t\t\t<\/p>\n\t\t<\/td>\n\t<\/tr>\n\t<tr>\n\t\t<th >\n\t\t\t<p><span class=\"CF7_req\">\u5fc5\u9808<\/span> \u30e1\u30c3\u30bb\u30fc\u30b8\u672c\u6587\n\t\t\t<\/p>\n\t\t<\/th>\n\t\t<td class=\"message-100\" >\n\t\t\t<p><span class=\"wpcf7-form-control-wrap\" data-name=\"your-message\"><textarea cols=\"40\" rows=\"10\" class=\"wpcf7-form-control wpcf7-textarea wpcf7-validates-as-required\" aria-required=\"true\" aria-invalid=\"false\" placeholder=\"\u304a\u554f\u3044\u5408\u308f\u305b\u5185\u5bb9\u3092\u3054\u8a18\u5165\u304f\u3060\u3055\u3044\" name=\"your-message\"><\/textarea><\/span>\u3000\n\t\t\t<\/p>\n\t\t<\/td>\n\t<\/tr>\n<\/table>\n<p><label> <\/label><br \/>\n<label> \u30d7\u30e9\u30a4\u30d0\u30b7\u30fc\u30dd\u30ea\u30b7\u30fc<\/label>\n<\/p>\n<div class=\"scroll-box\" style=\"height:200px; overflow-y: scroll; border: 1px solid #ddd;background-color:#f8f4f4;padding:15px\">\n\t<p><u><b>\u25a0\u500b\u4eba\u60c5\u5831\u306e\u53d6\u6271\u3044\u306b\u3064\u3044\u3066<\/b><\/u>\n\t<\/p>\n\t<p class=\"bs\">\u5f0a\u793e\u306f\u304a\u5ba2\u69d8\u306e\u500b\u4eba\u60c5\u5831\u3092\u304a\u9810\u304b\u308a\u3059\u308b\u5834\u5408\u3001\u305d\u306e\u304a\u9810\u304b\u308a\u3057\u305f\u500b\u4eba\u60c5\u5831\u306e\u53d6\u6271\u3044\u306b\u3064\u3044\u3066\u4e0b\u8a18\u306e\u901a\u308a\u3001\u7ba1\u7406\u30fb\u4fdd\u8b77\u3044\u305f\u3057\u307e\u3059\u3002<br \/>\n\u767e\u4fe1\u682a\u5f0f\u4f1a\u793e<br \/>\n\u500b\u4eba\u60c5\u5831\u4fdd\u8b77\u7ba1\u7406\u8005\u3000\n\t<\/p>\n\t<p>1\uff0e\u53d6\u308a\u6271\u3046\u500b\u4eba\u60c5\u5831<br \/>\n\u6c0f\u540d\u3001\u4f1a\u793e\u540d\u3001\u30e1\u30fc\u30eb\u30a2\u30c9\u30ec\u30b9\n\t<\/p>\n\t<p>2\uff0e\u5229\u7528\u76ee\u7684<br \/>\n\u304a\u554f\u3044\u5408\u308f\u305b\u5185\u5bb9\u306b\u5bfe\u5fdc\u3059\u308b\u305f\u3081\n\t<\/p>\n\t<p>3\uff0e\u7b2c\u4e09\u8005\u3078\u306e\u63d0\u4f9b<br \/>\n\u6cd5\u4ee4\u306e\u898f\u7a0b\u306b\u3088\u308b\u5834\u5408\u3001\u4eba\u306e\u751f\u547d\u3001\u8eab\u4f53\u3001\u53c8\u306f\u8ca1\u7523\u306e\u4fdd\u8b77\u306e\u305f\u3081\u306b\u5fc5\u8981\u306a\u5834\u5408\u3001\u516c\u8846\u885b\u751f\u306e\u5411\u4e0a\u3001\u53c8\u306f\u5150\u7ae5\u306e\u5065\u5168\u306a\u80b2\u6210\u63a8\u9032\u306e\u305f\u3081\u306b\u7279\u306b\u5fc5\u8981\u304c\u3042\u308b\u5834\u5408\u7b49\u3092\u9664\u3044\u3066\u3001\u304a\u5ba2\u69d8\u306e\u500b\u4eba\u60c5\u5831\u3092\u304a\u5ba2\u69d8\u306e\u540c\u610f\u3092\u5f97\u305a\u7b2c\u4e09\u8005\u306b\u958b\u793a\u30fb\u63d0\u4f9b\u3059\u308b\u3053\u3068\u306f\u3042\u308a\u307e\u305b\u3093\u3002<br \/>\n\u7b2c\u4e09\u8005\u306b\u63d0\u4f9b\u3059\u308b\u5834\u5408\u306f\u3001\u7b2c\u4e09\u8005\u306b\u63d0\u4f9b\u3059\u308b\u76ee\u7684\u3001\u63d0\u4f9b\u3059\u308b\u500b\u4eba\u60c5\u5831\u306e\u9805\u76ee\u7b49\u3092\u4e8b\u524d\u306b\u304a\u5ba2\u69d8\u306b\u901a\u77e5\u3057\u3001\u540c\u610f\u3092\u5f97\u307e\u3059\u3002\n\t<\/p>\n\t<p>4\uff0e\u500b\u4eba\u60c5\u5831\u306e\u53d6\u6271\u3044\u696d\u52d9\u306e\u59d4\u8a17<br \/>\n\u53d6\u5f97\u3057\u305f\u500b\u4eba\u60c5\u5831\u306e\u53d6\u6271\u3044\u3092\u59d4\u8a17\u3059\u308b\u3053\u3068\u306f\u3042\u308a\u307e\u305b\u3093\u3002\n\t<\/p>\n\t<p>5\uff0e\u958b\u793a\u5bfe\u8c61\u500b\u4eba\u60c5\u5831\u306b\u3064\u3044\u3066<br \/>\n\u5f0a\u793e\u306e\u958b\u793a\u5bfe\u8c61\u500b\u4eba\u60c5\u5831\u306e\u9805\u76ee\u306f\u3001\u6c0f\u540d\u3001\u4f1a\u793e\u540d\u3001\u30e1\u30fc\u30eb\u30a2\u30c9\u30ec\u30b9\u7b49\u3067\u3042\u308a\u3001\u958b\u793a\u5bfe\u8c61\u500b\u4eba\u60c5\u5831\u306b\u95a2\u3057\u3066\u3001\u672c\u4eba\u304b\u3089\u958b\u793a\u7b49\u3092\u6c42\u3081\u3089\u308c\u305f\u5834\u5408\u3001\u9045\u6ede\u306a\u304f\u5fdc\u3058\u307e\u3059\u3002\n\t<\/p>\n\t<p>6\uff0e\u500b\u4eba\u60c5\u5831\u306e\u958b\u793a\u30fb\u8a02\u6b63\u30fb\u524a\u9664\u7b49\u306b\u3064\u3044\u3066<br \/>\n\u3054\u63d0\u4f9b\u3044\u305f\u3060\u3044\u305f\u500b\u4eba\u60c5\u5831\u306e\u5229\u7528\u76ee\u7684\u306e\u901a\u77e5\u30fb\u958b\u793a\u30fb\u8a02\u6b63\u30fb\u8ffd\u52a0\u53c8\u306f\u524a\u9664\u30fb\u5229\u7528\u306e\u62d2\u5426\u3092\u5e0c\u671b\u3055\u308c\u308b\u5834\u5408\u306f\u3001\u4e0b\u8a18\u306e\u7a93\u53e3\u306b\u3066\u627f\u3063\u3066\u304a\u308a\u307e\u3059\u306e\u3067\u9023\u7d61\u304f\u3060\u3055\u3044\u3002\u8acb\u6c42\u304c\u304a\u5ba2\u69d8\u306b\u3088\u308b\u3082\u306e\u3067\u3042\u308b\u3053\u3068\u304c\u78ba\u8a8d\u51fa\u6765\u6b21\u7b2c\u3001\u5bfe\u5fdc\u3055\u305b\u3066\u9802\u304d\u307e\u3059\u3002<br \/>\n\u3010\u958b\u793a\u5bfe\u8c61\u500b\u4eba\u60c5\u5831\u306b\u95a2\u3059\u308b\u76f8\u8ac7\u30fb\u82e6\u60c5\u53ca\u3073\u958b\u793a\u7b49\u8acb\u6c42\u7a93\u53e3\u3011<br \/>\n\u82e6\u60c5\u30fb\u76f8\u8ac7\u7a93\u53e3<br \/>\n\u3012171-0014\u3000\u6771\u4eac\u90fd\u8c4a\u5cf6\u533a\u5357\u6c60\u888b2-60-6 \u30b0\u30e9\u30f3\u30c9\u30e1\u30be\u30f3\u6c60\u888b\u4e00\u756a\u9928104<br \/>\nemail\uff1a840649169yu@gmail.com\n\t<\/p>\n\t<p>7\uff0e\u500b\u4eba\u60c5\u5831\u63d0\u4f9b\u306e\u4efb\u610f\u6027<br \/>\n\u304a\u5ba2\u69d8\u306e\u5224\u65ad\u306b\u3088\u308a\u500b\u4eba\u60c5\u5831\u306e\u63d0\u4f9b\u3092\u62d2\u5426\u3059\u308b\u3053\u3068\u304c\u3067\u304d\u307e\u3059\u3002\u307e\u305f\u305d\u306e\u5834\u5408\u3001\uff12\uff0e\u9805\u306e\u5229\u7528\u76ee\u7684\u3092\u9054\u6210\u3067\u304d\u306a\u3044\u5834\u5408\u304c\u3042\u308a\u307e\u3059\u3002\n\t<\/p>\n\t<p>8\uff0e\u500b\u4eba\u60c5\u5831\u306e\u5ec3\u68c4\u306b\u3064\u3044\u3066<br \/>\n\u696d\u52d9\u304c\u7d42\u4e86\u3057\u305f\u5834\u5408\u306b\u306f\u3001\u304a\u5ba2\u69d8\u304b\u3089\u9810\u304b\u3063\u305f\u500b\u4eba\u60c5\u5831\u306f\u9069\u5207\u306a\u65b9\u6cd5\u306b\u3088\u308a\u5ec3\u68c4\u3057\u307e\u3059\u3002\n\t<\/p>\n\t<p>9\uff0e\u30af\u30c3\u30ad\u30fc\u306b\u3064\u3044\u3066<br \/>\n\u3053\u306e\u30a6\u30a7\u30d6\u30b5\u30a4\u30c8\u306b\u306f\u3001\u304a\u5ba2\u69d8\u304c\u518d\u5ea6\u3053\u306e\u30a6\u30a7\u30d6\u30b5\u30a4\u30c8\u306b\u30a2\u30af\u30bb\u30b9\u3055\u308c\u305f\u6642\u306b\u4e00\u5c64\u4fbf\u5229\u306b\u5229\u7528\u3057\u3066\u3044\u305f\u3060\u3051\u308b\u3088\u3046\u3001Cookie\uff08\u30af\u30c3\u30ad\u30fc\uff09\u3092\u4f7f\u7528\u3057\u3066\u3044\u308b\u30da\u30fc\u30b8\u304c\u3042\u308a\u307e\u3059\u3002\u30af\u30c3\u30ad\u30fc\u3068\u306f\u3001\u30a6\u30a7\u30d6\u30b5\u30fc\u30d0\u304c\u304a\u5ba2\u69d8\u306e\u30d6\u30e9\u30a6\u30b6\u306b\u9001\u4fe1\u3059\u308b\u5c0f\u3055\u306a\u60c5\u5831\u3067\u3001\u304a\u5ba2\u69d8\u306ePC\u306e\u30c7\u30a3\u30b9\u30af\u306b\u30d5\u30a1\u30a4\u30eb\u3068\u3057\u3066\u683c\u7d0d\u3055\u308c\u308b\u3082\u306e\u3067\u3059\u3002\u304a\u5ba2\u69d8\u306ePC\u306b\u4fdd\u5b58\u3055\u308c\u305f\u30af\u30c3\u30ad\u30fc\u3092\u8aad\u307f\u53d6\u308b\u3053\u3068\u306b\u3088\u308a\u3001\u7e70\u308a\u8fd4\u3057\u8a2a\u308c\u308b\u304a\u5ba2\u69d8\u306b\u5bfe\u3057\u3066\u52b9\u7387\u3088\u304f\u30b5\u30fc\u30d3\u30b9\u3092\u63d0\u4f9b\u3059\u308b\u3053\u3068\u304c\u3067\u304d\u308b\u3088\u3046\u306b\u306a\u308a\u307e\u3059\u3002<br \/>\n\u306a\u304a\u3001\u30af\u30c3\u30ad\u30fc\u306f\u304a\u5ba2\u69d8\u306e\u30b3\u30f3\u30d4\u30e5\u30fc\u30bf\u3092\u8b58\u5225\u3059\u308b\u3053\u3068\u306f\u3067\u304d\u307e\u3059\u304c\u3001\u304a\u5ba2\u69d8\u304c\u500b\u4eba\u60c5\u5831\u3092\u5165\u529b\u3057\u306a\u3044\u9650\u308a\u304a\u5ba2\u69d8\u81ea\u8eab\u3092\u8b58\u5225\u3059\u308b\u3053\u3068\u306f\u3067\u304d\u307e\u305b\u3093\u3002\u304a\u4f7f\u3044\u306e\u30d6\u30e9\u30a6\u30b6\u306b\u3088\u3063\u3066\u306f\u3001\u305d\u306e\u8a2d\u5b9a\u3092\u5909\u66f4\u3057\u3066\u30af\u30c3\u30ad\u30fc\u306e\u6a5f\u80fd\u3092\u7121\u52b9\u306b\u3059\u308b\u3053\u3068\u306f\u3067\u304d\u307e\u3059\u304c\u3001\u305d\u306e\u7d50\u679c\u30a6\u30a7\u30d6\u30da\u30fc\u30b8\u4e0a\u306e\u30b5\u30fc\u30d3\u30b9\u306e\u5168\u90e8\u307e\u305f\u306f\u4e00\u90e8\u304c\u3054\u5229\u7528\u306b\u306a\u308c\u306a\u304f\u306a\u308b\u3053\u3068\u304c\u3042\u308a\u307e\u3059\u3002\n\t<\/p>\n<\/div>\n<div class=\"CF7_btn\">\n\t<p><span class=\"wpcf7-form-control-wrap\" data-name=\"agree-check\"><span class=\"wpcf7-form-control wpcf7-checkbox\"><span class=\"wpcf7-list-item first last\"><label><input type=\"checkbox\" name=\"agree-check[]\" value=\"\u540c\u610f\u3059\u308b\" \/><span class=\"wpcf7-list-item-label\">\u540c\u610f\u3059\u308b<\/span><\/label><\/span><\/span><\/span>\n\t<\/p>\n<\/div>\n<div class=\"CF7_btn\">\n\t<p><input class=\"wpcf7-form-control wpcf7-submit has-spinner\" type=\"submit\" value=\"\u9001\u4fe1\" \/>\n\t<\/p>\n<\/div>\n<div class=\"wpcf7-response-output\" aria-hidden=\"true\"><\/div>\n<\/form>\n<\/div>\n<\/div>\n","protected":false},"excerpt":{"rendered":"Contact Form \u5fc5\u8981\u4e8b\u9805\u3092\u3054\u8a18\u5165\u306e\u4e0a\u3001\u300c\u9001\u4fe1\u300d\u30dc\u30bf\u30f3\u3092\u62bc\u3057\u3066\u304f\u3060\u3055\u3044\u3002\u5185\u5bb9\u3092\u3054\u78ba\u8a8d\u3044\u305f\u3060\u304d\u3001\u540c\u610f\u306e\u4e0a\u3067\u30d5\u30a9\u30fc\u30e0\u306b\u3088\u308a\u304a\u554f\u3044\u5408\u308f\u305b\u3092\u304a\u9858\u3044\u3057\u307e\u3059\u3002","protected":false},"author":1,"featured_media":0,"parent":0,"menu_order":0,"comment_status":"closed","ping_status":"closed","template":"","meta":{"footnotes":""},"class_list":["post-113","page","type-page","status-publish","hentry"],"_links":{"self":[{"href":"https:\/\/www.hyakushin.jp\/index.php?rest_route=\/wp\/v2\/pages\/113","targetHints":{"allow":["GET"]}}],"collection":[{"href":"https:\/\/www.hyakushin.jp\/index.php?rest_route=\/wp\/v2\/pages"}],"about":[{"href":"https:\/\/www.hyakushin.jp\/index.php?rest_route=\/wp\/v2\/types\/page"}],"author":[{"embeddable":true,"href":"https:\/\/www.hyakushin.jp\/index.php?rest_route=\/wp\/v2\/users\/1"}],"replies":[{"embeddable":true,"href":"https:\/\/www.hyakushin.jp\/index.php?rest_route=%2Fwp%2Fv2%2Fcomments&post=113"}],"version-history":[{"count":5,"href":"https:\/\/www.hyakushin.jp\/index.php?rest_route=\/wp\/v2\/pages\/113\/revisions"}],"predecessor-version":[{"id":122,"href":"https:\/\/www.hyakushin.jp\/index.php?rest_route=\/wp\/v2\/pages\/113\/revisions\/122"}],"wp:attachment":[{"href":"https:\/\/www.hyakushin.jp\/index.php?rest_route=%2Fwp%2Fv2%2Fmedia&parent=113"}],"curies":[{"name":"wp","href":"https:\/\/api.w.org\/{rel}","templated":true}]}}